{"id":1335,"date":"2021-06-08T17:31:04","date_gmt":"2021-06-08T15:31:04","guid":{"rendered":"https:\/\/www.gelateriaghisolfi.com\/geschichte-gelateria-ghisolfi\/"},"modified":"2022-05-03T17:46:35","modified_gmt":"2022-05-03T15:46:35","slug":"geschichte-gelateria-ghisolfi","status":"publish","type":"page","link":"https:\/\/www.gelateriaghisolfi.com\/de\/geschichte-gelateria-ghisolfi\/","title":{"rendered":"Geschichte Gelateria Ghisolfi"},"content":{"rendered":"<div class=\"wpb-content-wrapper\">[vc_section full_width=&#8220;stretch_row_content&#8220; css=&#8220;.vc_custom_1650963605180{padding-top: 15% !important;padding-bottom: 10% !important;background-image: url(https:\/\/www.gelateriaghisolfi.com\/wp-content\/uploads\/2022\/03\/01-foto-che-sostituice-la-vaniglia-nello-sfondo-della-pagina-storia-scaled.jpg?id=1529) !important;background-position: center !important;background-repeat: no-repeat !important;background-size: cover !important;}&#8220; el_class=&#8220;color&#8211;text-inverted xtd-text-shadow&#8211;small-normal&#8220;][vc_row][vc_column offset=&#8220;vc_col-lg-offset-2 vc_col-lg-8&#8243; css=&#8220;.vc_custom_1521399451046{padding-right: 2rem !important;padding-left: 2rem !important;}&#8220;][vc_column_text]\n<h1 style=\"text-align: center;\">Seit 1958 sind wir Hersteller von handwerklichem Speiseeis aus Liebe, nicht nur von Beruf.<\/h1>\n[\/vc_column_text][\/vc_column][\/vc_row][\/vc_section][vc_section el_id=&#8220;our-values&#8220;][vc_row content_placement=&#8220;middle&#8220; css=&#8220;.vc_custom_1521408948327{padding-bottom: 0px !important;}&#8220;][vc_column width=&#8220;1\/2&#8243;][vc_column_text]\n<h2 class=\"special-title\">Unsere Geschichte<\/h2>\n<p>Heutzutage ist das \u201cGelato Ghisolfi\u201d nicht nur in Italien ein bekannter und wertvoller Markenname.<br \/>\nUnsere Geschichte f\u00e4ngt im Jahre 1958 an und f\u00fchrt bis auf den heutigen Tag.[\/vc_column_text][\/vc_column][vc_column width=&#8220;5\/12&#8243; offset=&#8220;vc_col-sm-offset-1&#8243;][vc_single_image image=&#8220;1538&#8243; img_size=&#8220;1000&#215;700&#8243; style=&#8220;xtd-shadow&#8211;large-light&#8220;][\/vc_column][\/vc_row][vc_row css=&#8220;.vc_custom_1521750027529{padding-top: 2rem !important;}&#8220; el_id=&#8220;our-history&#8220;][vc_column]<div class='xtd-timeline '><div class='xtd-timeline__item' data-title='1958'>[vc_single_image image=&#8220;1338&#8243; img_size=&#8220;800&#215;550&#8243; add_caption=&#8220;yes&#8220; alignment=&#8220;center&#8220; style=&#8220;xtd-shadow&#8211;large-light&#8220;][vc_row_inner][vc_column_inner width=&#8220;2\/3&#8243; offset=&#8220;vc_col-sm-offset-2&#8243;][vc_column_text]\n<h5>DIE ANF\u00c4NGE: DIE ERSTE \u201cGHISOLFI\u201d EISDIELE IN MEDA (IN DER N\u00c4HE VON MAILAND)<\/h5>\n<p>Die Geschichte der Gelateria Ghisolfi beginnt im Jahre 1958, als Alessandro Ghisolfi und seine Frau Fernanda ihre erste Eisdiele in Meda (in der N\u00e4he von Mailand) er\u00f6ffnen.<br \/>\nDamals wurden die Zutaten langsam in Bain Marie gekocht und pasteurisiert, dann durch einen st\u00e4ndigen und m\u00fchsame Bewegung manuell eingefroren, um -endlich- in einer rudiment\u00e4ren Vertikalmaschine Solegek\u00fchlt zu werden.[\/vc_column_text][\/vc_column_inner][\/vc_row_inner][vc_empty_space height=&#8220;2rem&#8220;]<\/div><div class='xtd-timeline__item' data-title='1980'>[vc_single_image image=&#8220;1350&#8243; img_size=&#8220;400&#215;400&#8243; alignment=&#8220;center&#8220; style=&#8220;xtd-shadow&#8211;large-light&#8220;][vc_row_inner][vc_column_inner width=&#8220;2\/3&#8243; offset=&#8220;vc_col-sm-offset-2&#8243;][vc_column_text]\n<h5>DIE LEGEND\u00c4RE MONDINI EISDIELE<\/h5>\n<p>Fernanda Mondini ihrer legend\u00e4ren Gelateria \u201cMondini\u201c gegen\u00fcberstehend.<br \/>\nDas ist der Anfang der Leidenschaft f\u00fcr Speiseeis, die der Ghisolfi Tradition Leben gegeben hat.[\/vc_column_text][\/vc_column_inner][\/vc_row_inner][vc_empty_space height=&#8220;2rem&#8220;]<\/div><div class='xtd-timeline__item' data-title='1989'>[vc_single_image image=&#8220;1353&#8243; img_size=&#8220;400&#215;400&#8243; alignment=&#8220;center&#8220; style=&#8220;xtd-shadow&#8211;large-light&#8220;][vc_row_inner][vc_column_inner width=&#8220;2\/3&#8243; offset=&#8220;vc_col-sm-offset-2&#8243;][vc_column_text]\n<h5>DAS GHISOLFI LABOR<\/h5>\n<p>Nach der erfolgreichen Er\u00f6ffnung von 5 Eisdielen wird ein zentralisiertes Labor ge\u00f6ffnet und die Produktion w\u00e4chst kontinuierlich.<br \/>\nInzwischen entscheiden Fernandas S\u00f6hne Roberto und Ivan sich, in die Fu\u00dfstapfen und Erfolg ihres Vaters zu treten[\/vc_column_text][\/vc_column_inner][\/vc_row_inner][vc_empty_space height=&#8220;2rem&#8220;]<\/div><div class='xtd-timeline__item' data-title='1996'>[vc_row_inner][vc_column_inner width=&#8220;2\/3&#8243; offset=&#8220;vc_col-sm-offset-2&#8243;][vc_single_image image=&#8220;1551&#8243; img_size=&#8220;large&#8220; alignment=&#8220;center&#8220; style=&#8220;xtd-shadow&#8211;large-light&#8220;][vc_column_text]\n<h5>BIO-SPEISEEIS<\/h5>\n<p>Seit 1996 ist Ghisolfi Vorreiter in der Herstellung von Bio-Speiseeis durch eine kuratierte Auswahl von Rohstoffen und Zutaten und nach traditionellen Verfahren der Produktion von nat\u00fcrlichem Eis.<\/p>\n<p>Heutzutage ist Ghisolfi Markenname sowohl in Italien als auch im Ausland anerkannt und h\u00f6chst gesch\u00e4tzt.[\/vc_column_text][\/vc_column_inner][\/vc_row_inner][vc_empty_space height=&#8220;2rem&#8220;]<\/div><div class='xtd-timeline__item' data-title='2022'>[vc_row_inner][vc_column_inner width=&#8220;2\/3&#8243; offset=&#8220;vc_col-sm-offset-2&#8243;][vc_single_image image=&#8220;1559&#8243; img_size=&#8220;large&#8220; alignment=&#8220;center&#8220; style=&#8220;xtd-shadow&#8211;large-light&#8220;][vc_column_text]\n<h5>Ghisolfi Eisdiele heute..<\/h5>\n<p>Heute ist das Ghisolfi-Eis eine nicht nur in Italien anerkannte und gesch\u00e4tzte Marke: Man kommt aus der ganzen Welt hierher, um einen kompetenten und zuverl\u00e4ssigen Partner zu finden.[\/vc_column_text][\/vc_column_inner][\/vc_row_inner][vc_empty_space height=&#8220;2rem&#8220;]<\/div><\/div>[\/vc_column][\/vc_row][\/vc_section]\n<\/div>","protected":false},"excerpt":{"rendered":"<p>[vc_section full_width=&#8220;stretch_row_content&#8220; css=&#8220;.vc_custom_1650963605180{padding-top: 15% !important;padding-bottom: 10% !important;background-image: url(https:\/\/www.gelateriaghisolfi.com\/wp-content\/uploads\/2022\/03\/01-foto-che-sostituice-la-vaniglia-nello-sfondo-della-pagina-storia-scaled.jpg?id=1529) !important;background-position: center !important;background-repeat: no-repeat !important;background-size: cover !important;}&#8220; el_class=&#8220;color&#8211;text-inverted xtd-text-shadow&#8211;small-normal&#8220;][vc_row][vc_column offset=&#8220;vc_col-lg-offset-2 vc_col-lg-8&#8243; css=&#8220;.vc_custom_1521399451046{padding-right: 2rem !important;padding-left: 2rem !important;}&#8220;][vc_column_text] Seit 1958 sind wir Hersteller von handwerklichem Speiseeis aus Liebe, nicht nur von Beruf. [\/vc_column_text][\/vc_column][\/vc_row][\/vc_section][vc_section el_id=&#8220;our-values&#8220;][vc_row content_placement=&#8220;middle&#8220; css=&#8220;.vc_custom_1521408948327{padding-bottom: 0px !important;}&#8220;][vc_column width=&#8220;1\/2&#8243;][vc_column_text] Unsere Geschichte Heutzutage ist das \u201cGelato Ghisolfi\u201d nicht nur in Italien ein bekannter und wertvoller [&hellip;]<\/p>\n","protected":false},"author":1,"featured_media":0,"parent":0,"menu_order":0,"comment_status":"closed","ping_status":"closed","template":"","meta":{"inline_featured_image":false,"footnotes":""},"class_list":["post-1335","page","type-page","status-publish","hentry"],"yoast_head":"<!-- This site is optimized with the Yoast SEO plugin v26.5 - https:\/\/yoast.com\/wordpress\/plugins\/seo\/ -->\n<title>Geschichte Gelateria Ghisolfi -<\/title>\n<meta name=\"robots\" content=\"index, follow, max-snippet:-1, max-image-preview:large, max-video-preview:-1\" \/>\n<link rel=\"canonical\" href=\"https:\/\/www.gelateriaghisolfi.com\/de\/geschichte-gelateria-ghisolfi\/\" \/>\n<meta property=\"og:locale\" content=\"de_DE\" \/>\n<meta property=\"og:type\" content=\"article\" \/>\n<meta property=\"og:title\" content=\"Geschichte Gelateria Ghisolfi -\" \/>\n<meta property=\"og:description\" content=\"[vc_section full_width=&#8220;stretch_row_content&#8220; css=&#8220;.vc_custom_1650963605180{padding-top: 15% !important;padding-bottom: 10% !important;background-image: url(https:\/\/www.gelateriaghisolfi.com\/wp-content\/uploads\/2022\/03\/01-foto-che-sostituice-la-vaniglia-nello-sfondo-della-pagina-storia-scaled.jpg?id=1529) !important;background-position: center !important;background-repeat: no-repeat !important;background-size: cover !important;}&#8220; el_class=&#8220;color&#8211;text-inverted xtd-text-shadow&#8211;small-normal&#8220;][vc_row][vc_column offset=&#8220;vc_col-lg-offset-2 vc_col-lg-8&#8243; css=&#8220;.vc_custom_1521399451046{padding-right: 2rem !important;padding-left: 2rem !important;}&#8220;][vc_column_text] Seit 1958 sind wir Hersteller von handwerklichem Speiseeis aus Liebe, nicht nur von Beruf. [\/vc_column_text][\/vc_column][\/vc_row][\/vc_section][vc_section el_id=&#8220;our-values&#8220;][vc_row content_placement=&#8220;middle&#8220; css=&#8220;.vc_custom_1521408948327{padding-bottom: 0px !important;}&#8220;][vc_column width=&#8220;1\/2&#8243;][vc_column_text] Unsere Geschichte Heutzutage ist das \u201cGelato Ghisolfi\u201d nicht nur in Italien ein bekannter und wertvoller [&hellip;]\" \/>\n<meta property=\"og:url\" content=\"https:\/\/www.gelateriaghisolfi.com\/de\/geschichte-gelateria-ghisolfi\/\" \/>\n<meta property=\"article:modified_time\" content=\"2022-05-03T15:46:35+00:00\" \/>\n<meta name=\"twitter:card\" content=\"summary_large_image\" \/>\n<meta name=\"twitter:label1\" content=\"Gesch\u00e4tzte Lesezeit\" \/>\n\t<meta name=\"twitter:data1\" content=\"3\u00a0Minuten\" \/>\n<script type=\"application\/ld+json\" class=\"yoast-schema-graph\">{\"@context\":\"https:\/\/schema.org\",\"@graph\":[{\"@type\":\"WebPage\",\"@id\":\"https:\/\/www.gelateriaghisolfi.com\/de\/geschichte-gelateria-ghisolfi\/\",\"url\":\"https:\/\/www.gelateriaghisolfi.com\/de\/geschichte-gelateria-ghisolfi\/\",\"name\":\"Geschichte Gelateria Ghisolfi -\",\"isPartOf\":{\"@id\":\"https:\/\/www.gelateriaghisolfi.com\/de\/#website\"},\"datePublished\":\"2021-06-08T15:31:04+00:00\",\"dateModified\":\"2022-05-03T15:46:35+00:00\",\"breadcrumb\":{\"@id\":\"https:\/\/www.gelateriaghisolfi.com\/de\/geschichte-gelateria-ghisolfi\/#breadcrumb\"},\"inLanguage\":\"de\",\"potentialAction\":[{\"@type\":\"ReadAction\",\"target\":[\"https:\/\/www.gelateriaghisolfi.com\/de\/geschichte-gelateria-ghisolfi\/\"]}]},{\"@type\":\"BreadcrumbList\",\"@id\":\"https:\/\/www.gelateriaghisolfi.com\/de\/geschichte-gelateria-ghisolfi\/#breadcrumb\",\"itemListElement\":[{\"@type\":\"ListItem\",\"position\":1,\"name\":\"Home\",\"item\":\"https:\/\/www.gelateriaghisolfi.com\/de\/\"},{\"@type\":\"ListItem\",\"position\":2,\"name\":\"Geschichte Gelateria Ghisolfi\"}]},{\"@type\":\"WebSite\",\"@id\":\"https:\/\/www.gelateriaghisolfi.com\/de\/#website\",\"url\":\"https:\/\/www.gelateriaghisolfi.com\/de\/\",\"name\":\"\",\"description\":\"Produzione gelato artigianale\",\"potentialAction\":[{\"@type\":\"SearchAction\",\"target\":{\"@type\":\"EntryPoint\",\"urlTemplate\":\"https:\/\/www.gelateriaghisolfi.com\/de\/?s={search_term_string}\"},\"query-input\":{\"@type\":\"PropertyValueSpecification\",\"valueRequired\":true,\"valueName\":\"search_term_string\"}}],\"inLanguage\":\"de\"}]}<\/script>\n<!-- \/ Yoast SEO plugin. -->","yoast_head_json":{"title":"Geschichte Gelateria Ghisolfi -","robots":{"index":"index","follow":"follow","max-snippet":"max-snippet:-1","max-image-preview":"max-image-preview:large","max-video-preview":"max-video-preview:-1"},"canonical":"https:\/\/www.gelateriaghisolfi.com\/de\/geschichte-gelateria-ghisolfi\/","og_locale":"de_DE","og_type":"article","og_title":"Geschichte Gelateria Ghisolfi -","og_description":"[vc_section full_width=&#8220;stretch_row_content&#8220; css=&#8220;.vc_custom_1650963605180{padding-top: 15% !important;padding-bottom: 10% !important;background-image: url(https:\/\/www.gelateriaghisolfi.com\/wp-content\/uploads\/2022\/03\/01-foto-che-sostituice-la-vaniglia-nello-sfondo-della-pagina-storia-scaled.jpg?id=1529) !important;background-position: center !important;background-repeat: no-repeat !important;background-size: cover !important;}&#8220; el_class=&#8220;color&#8211;text-inverted xtd-text-shadow&#8211;small-normal&#8220;][vc_row][vc_column offset=&#8220;vc_col-lg-offset-2 vc_col-lg-8&#8243; css=&#8220;.vc_custom_1521399451046{padding-right: 2rem !important;padding-left: 2rem !important;}&#8220;][vc_column_text] Seit 1958 sind wir Hersteller von handwerklichem Speiseeis aus Liebe, nicht nur von Beruf. [\/vc_column_text][\/vc_column][\/vc_row][\/vc_section][vc_section el_id=&#8220;our-values&#8220;][vc_row content_placement=&#8220;middle&#8220; css=&#8220;.vc_custom_1521408948327{padding-bottom: 0px !important;}&#8220;][vc_column width=&#8220;1\/2&#8243;][vc_column_text] Unsere Geschichte Heutzutage ist das \u201cGelato Ghisolfi\u201d nicht nur in Italien ein bekannter und wertvoller [&hellip;]","og_url":"https:\/\/www.gelateriaghisolfi.com\/de\/geschichte-gelateria-ghisolfi\/","article_modified_time":"2022-05-03T15:46:35+00:00","twitter_card":"summary_large_image","twitter_misc":{"Gesch\u00e4tzte Lesezeit":"3\u00a0Minuten"},"schema":{"@context":"https:\/\/schema.org","@graph":[{"@type":"WebPage","@id":"https:\/\/www.gelateriaghisolfi.com\/de\/geschichte-gelateria-ghisolfi\/","url":"https:\/\/www.gelateriaghisolfi.com\/de\/geschichte-gelateria-ghisolfi\/","name":"Geschichte Gelateria Ghisolfi -","isPartOf":{"@id":"https:\/\/www.gelateriaghisolfi.com\/de\/#website"},"datePublished":"2021-06-08T15:31:04+00:00","dateModified":"2022-05-03T15:46:35+00:00","breadcrumb":{"@id":"https:\/\/www.gelateriaghisolfi.com\/de\/geschichte-gelateria-ghisolfi\/#breadcrumb"},"inLanguage":"de","potentialAction":[{"@type":"ReadAction","target":["https:\/\/www.gelateriaghisolfi.com\/de\/geschichte-gelateria-ghisolfi\/"]}]},{"@type":"BreadcrumbList","@id":"https:\/\/www.gelateriaghisolfi.com\/de\/geschichte-gelateria-ghisolfi\/#breadcrumb","itemListElement":[{"@type":"ListItem","position":1,"name":"Home","item":"https:\/\/www.gelateriaghisolfi.com\/de\/"},{"@type":"ListItem","position":2,"name":"Geschichte Gelateria Ghisolfi"}]},{"@type":"WebSite","@id":"https:\/\/www.gelateriaghisolfi.com\/de\/#website","url":"https:\/\/www.gelateriaghisolfi.com\/de\/","name":"","description":"Produzione gelato artigianale","potentialAction":[{"@type":"SearchAction","target":{"@type":"EntryPoint","urlTemplate":"https:\/\/www.gelateriaghisolfi.com\/de\/?s={search_term_string}"},"query-input":{"@type":"PropertyValueSpecification","valueRequired":true,"valueName":"search_term_string"}}],"inLanguage":"de"}]}},"_links":{"self":[{"href":"https:\/\/www.gelateriaghisolfi.com\/de\/wp-json\/wp\/v2\/pages\/1335","targetHints":{"allow":["GET"]}}],"collection":[{"href":"https:\/\/www.gelateriaghisolfi.com\/de\/wp-json\/wp\/v2\/pages"}],"about":[{"href":"https:\/\/www.gelateriaghisolfi.com\/de\/wp-json\/wp\/v2\/types\/page"}],"author":[{"embeddable":true,"href":"https:\/\/www.gelateriaghisolfi.com\/de\/wp-json\/wp\/v2\/users\/1"}],"replies":[{"embeddable":true,"href":"https:\/\/www.gelateriaghisolfi.com\/de\/wp-json\/wp\/v2\/comments?post=1335"}],"version-history":[{"count":9,"href":"https:\/\/www.gelateriaghisolfi.com\/de\/wp-json\/wp\/v2\/pages\/1335\/revisions"}],"predecessor-version":[{"id":1637,"href":"https:\/\/www.gelateriaghisolfi.com\/de\/wp-json\/wp\/v2\/pages\/1335\/revisions\/1637"}],"wp:attachment":[{"href":"https:\/\/www.gelateriaghisolfi.com\/de\/wp-json\/wp\/v2\/media?parent=1335"}],"curies":[{"name":"wp","href":"https:\/\/api.w.org\/{rel}","templated":true}]}}