{"id":1311,"date":"2021-06-08T17:27:43","date_gmt":"2021-06-08T15:27:43","guid":{"rendered":"https:\/\/www.gelateriaghisolfi.com\/handwerklich-hergestelltes-speiseeis-fuer-dritte\/"},"modified":"2024-07-24T13:36:13","modified_gmt":"2024-07-24T11:36:13","slug":"handwerklich-hergestelltes-speiseeis-fuer-dritte","status":"publish","type":"page","link":"https:\/\/www.gelateriaghisolfi.com\/de\/handwerklich-hergestelltes-speiseeis-fuer-dritte\/","title":{"rendered":"Handwerklich hergestelltes Speiseeis f\u00fcr Dritte"},"content":{"rendered":"<div class=\"wpb-content-wrapper\">[vc_section][vc_row equal_height=&#8220;yes&#8220; content_placement=&#8220;middle&#8220;][vc_column width=&#8220;1\/3&#8243; el_class=&#8220;z-index&#8211;2&#8243;][vc_empty_space height=&#8220;4rem&#8220;][vc_single_image image=&#8220;1332&#8243; img_size=&#8220;full&#8220; style=&#8220;xtd-shadow&#8211;large-light&#8220; el_class=&#8220;xtd-responsive-margin-negative&#8211;right-80&#8243;][vc_empty_space height=&#8220;2rem&#8220;][\/vc_column][vc_column width=&#8220;2\/3&#8243; css=&#8220;.vc_custom_1521565908570{border-top-width: 10px !important;border-right-width: 10px !important;border-bottom-width: 10px !important;border-left-width: 10px !important;border-left-color: #f4f3f1 !important;border-left-style: solid !important;border-right-color: #f4f3f1 !important;border-right-style: solid !important;border-top-color: #f4f3f1 !important;border-top-style: solid !important;border-bottom-color: #f4f3f1 !important;border-bottom-style: solid !important;}&#8220;][vc_row_inner][vc_column_inner width=&#8220;1\/2&#8243; offset=&#8220;vc_col-sm-offset-5&#8243;][vc_column_text]\n<h5>HANDWERKLICH HERGESTELLTES SPEISEEIS F\u00dcR BARS, RESTAURANTS UND EISDIELEN<\/h5>\n<p>Wie ein perfekter Anzug, erf\u00fcllt unser reiches Sortiment von handwerklich hergestelltem Speiseeis auch die h\u00f6chsten Anspr\u00fcche.<br \/>\nUnsere Herstellung von handwerklichen Speiseeis ist unbegrenzt: die einzigen Bregrenzungen, die wir kennen, sind diejenige Ihrer Phantasie![\/vc_column_text][\/vc_column_inner][\/vc_row_inner][\/vc_column][\/vc_row][\/vc_section][vc_section][\/vc_section][vc_section][vc_row curly_padding=&#8220;content-padding-xs&#8220; css=&#8220;.vc_custom_1521751083007{padding-bottom: 6rem !important;}&#8220;][vc_column offset=&#8220;vc_col-lg-offset-1 vc_col-lg-10&#8243;][vc_row_inner][vc_column_inner][vc_column_text]\n<h1 class=\"special-title\"><strong>Unsere Kunden<\/strong><\/h1>\n<h4 class=\"special-title\">AUS DER GANZEN WELT<\/h4>\n[\/vc_column_text][\/vc_column_inner][\/vc_row_inner][vc_row_inner equal_height=&#8220;yes&#8220; content_placement=&#8220;middle&#8220;][vc_column_inner width=&#8220;1\/3&#8243;][vc_single_image image=&#8220;1326&#8243; img_size=&#8220;180&#215;180&#8243; alignment=&#8220;center&#8220;][\/vc_column_inner][vc_column_inner width=&#8220;1\/3&#8243;][vc_single_image image=&#8220;1727&#8243; img_size=&#8220;full&#8220; alignment=&#8220;center&#8220;][\/vc_column_inner][vc_column_inner width=&#8220;1\/3&#8243;][vc_single_image image=&#8220;1815&#8243; img_size=&#8220;medium&#8220; alignment=&#8220;center&#8220;][\/vc_column_inner][\/vc_row_inner][vc_row_inner equal_height=&#8220;yes&#8220; content_placement=&#8220;middle&#8220;][vc_column_inner width=&#8220;1\/3&#8243;][vc_column_text]\n<p style=\"text-align: center;\"><strong>GIOLITO<br \/>\n<\/strong><strong>Echtes italienisches Speiseeis<\/strong>[\/vc_column_text][\/vc_column_inner][vc_column_inner width=&#8220;1\/3&#8243;][vc_column_text]\n<p style=\"text-align: center;\"><strong>HAFRO<br \/>\n<\/strong><strong>Echtes italienisches Speiseeis<\/strong>[\/vc_column_text][\/vc_column_inner][vc_column_inner width=&#8220;1\/3&#8243;][vc_column_text]\n<p style=\"text-align: center;\"><strong>SQUP <\/strong><\/p>\n<p style=\"text-align: center;\"><strong>die Gutscheine von Eis<\/strong><\/p>\n[\/vc_column_text][\/vc_column_inner][\/vc_row_inner][vc_row_inner equal_height=&#8220;yes&#8220; content_placement=&#8220;top&#8220;][vc_column_inner width=&#8220;1\/3&#8243;][vc_column_text]\n<p style=\"text-align: center;\">Giolito ist ein ursprungechtes hochwertiges italienisches Speiseeis. Es \u00fcberzeugt durch Nat\u00fcrlichkeit, Geschmacksreinheit und einzigartgen Aromen.<\/p>\n<p style=\"text-align: center;\"><a href=\"http:\/\/www.giolito.ch\/\"><strong>www.giolito.ch<\/strong><\/a><\/p>\n[\/vc_column_text][\/vc_column_inner][vc_column_inner width=&#8220;1\/3&#8243;][vc_column_text]\n<p style=\"text-align: center;\">Der Familienbetrieb Gelateria Ghisolfi lebt echte italienische Eismacherkunst:<br \/>\nIn Zusammenarbeit mit Spitzenpatissiers und namhaften K\u00f6chen entsteht eine aufregende und abwechslungsreiche Vielzahl an Milcheis und Sorbets.<\/p>\n<p style=\"text-align: center;\"><a href=\"https:\/\/www.hafro.de\/4-fingerfood-dessert\/#giolito\"><strong>www.hafro.de<\/strong><\/a><\/p>\n[\/vc_column_text][\/vc_column_inner][vc_column_inner width=&#8220;1\/3&#8243;][vc_column_text]\n<p style=\"text-align: center;\">Eiscreme ohne Zuckerzusatz, kalorienarm, reich an Ballaststoffen, gluten- und laktosefrei<\/p>\n<p style=\"text-align: center;\"><strong><a href=\"https:\/\/squpgelato.it\/\">squpgelato.it<\/a><\/strong><\/p>\n[\/vc_column_text][\/vc_column_inner][\/vc_row_inner][\/vc_column][\/vc_row][\/vc_section][vc_section][vc_row][vc_column width=&#8220;1\/3&#8243;][vc_single_image image=&#8220;1680&#8243; img_size=&#8220;200&#215;150&#8243; alignment=&#8220;center&#8220;][vc_column_text]&nbsp;<\/p>\n<p style=\"text-align: center;\"><strong>BOWLPROS<br \/>\n<\/strong><strong>Smoothie ice cream<\/strong><\/p>\n<p style=\"text-align: center;\">Neu Smoothie ice cream<\/p>\n<p style=\"text-align: center;\">Nur aus frischen Fr\u00fcchten, Samen und N\u00fcssen hergestellt<\/p>\n<p style=\"text-align: center;\"><strong><a href=\"https:\/\/bowlpros.com\/pages\/smoothie-estivi\">www.bowlpros.com<\/a><\/strong><\/p>\n[\/vc_column_text][\/vc_column][vc_column width=&#8220;1\/3&#8243;][vc_single_image image=&#8220;1841&#8243; img_size=&#8220;200&#215;180&#8243; alignment=&#8220;center&#8220;][vc_column_text]&nbsp;<\/p>\n<p style=\"text-align: center;\"><b>VALIS Flaubert<\/b><\/p>\n<p style=\"text-align: center;\">Fruchtige Sorbets durch die Zugabe von Blumen verbessert, ist ein Eis auf Wasserbasis, ohne Milch oder Eier ist ein 100% veganes Produkt<\/p>\n<p style=\"text-align: center;\"><strong><a href=\"https:\/\/valisfleurbet.fr\/\">valisfleurbet.fr<\/a><\/strong><\/p>\n[\/vc_column_text][\/vc_column][vc_column width=&#8220;1\/3&#8243;][vc_single_image image=&#8220;1314&#8243; img_size=&#8220;250&#215;150&#8243; alignment=&#8220;center&#8220;][vc_column_text]&nbsp;<\/p>\n<p style=\"text-align: center;\"><strong>Gustobuono Eis<\/strong><br \/>\n<strong>Kosher Eis<\/strong><\/p>\n<p style=\"text-align: center;\">Der \u201cGusto Buono\u201d Markenname steht f\u00fcr die Leidenschaft f\u00fcr Italien und sein hochwertiges Essen und bietet eine gro\u00dfe Auswahl von hohen Niveau Kosher Produkten an.<\/p>\n<p style=\"text-align: center;\"><strong><a href=\"https:\/\/www.gustobuono.com\/copy-of-ice-cream\">gustobuono.com<\/a>\u00a0 \u00a0 \u00a0<a href=\"https:\/\/www.gustobuono.com\/copy-of-sorbets\">gustobuono.com<\/a><\/strong><\/p>\n[\/vc_column_text][\/vc_column][\/vc_row][vc_row content_placement=&#8220;middle&#8220;][vc_column width=&#8220;1\/3&#8243; offset=&#8220;vc_col-md-offset-4&#8243;][vc_single_image image=&#8220;1320&#8243; img_size=&#8220;medium&#8220; alignment=&#8220;center&#8220;][vc_column_text]\n<p style=\"text-align: center;\"><strong>YULTY Speiseeis<br \/>\n<\/strong><strong>Laktosefrei Speiseeis<\/strong><\/p>\n<p style=\"text-align: center;\">Eine Auswahl von hochwertigen Zutaten, Rohstoffen und Proteinen, ohne unn\u00f6tige Zusatzstoffen: Das ist Yultys Geheimnis.<\/p>\n<p style=\"text-align: center;\"><a href=\"http:\/\/www.yulty.com\"><strong>www.yulty.com<\/strong><\/a><\/p>\n[\/vc_column_text][\/vc_column][\/vc_row][vc_row equal_height=&#8220;yes&#8220; content_placement=&#8220;middle&#8220;][vc_column width=&#8220;1\/3&#8243; el_class=&#8220;z-index&#8211;2&#8243;][vc_empty_space height=&#8220;4rem&#8220;][vc_single_image image=&#8220;1329&#8243; img_size=&#8220;full&#8220; style=&#8220;xtd-shadow&#8211;large-light&#8220; el_class=&#8220;xtd-responsive-margin-negative&#8211;right-80&#8243;][vc_empty_space height=&#8220;2rem&#8220;][\/vc_column][vc_column width=&#8220;2\/3&#8243; css=&#8220;.vc_custom_1521565908570{border-top-width: 10px !important;border-right-width: 10px !important;border-bottom-width: 10px !important;border-left-width: 10px !important;border-left-color: #f4f3f1 !important;border-left-style: solid !important;border-right-color: #f4f3f1 !important;border-right-style: solid !important;border-top-color: #f4f3f1 !important;border-top-style: solid !important;border-bottom-color: #f4f3f1 !important;border-bottom-style: solid !important;}&#8220;][vc_row_inner][vc_column_inner width=&#8220;1\/2&#8243; offset=&#8220;vc_col-sm-offset-5&#8243;][vc_column_text]\n<h5>GHISOLFI ERSCHAFFT EISSORTEN F\u00dcR JEDEN GESCHMACK. DIE EINZIGE BESCHR\u00c4NKUNG IST IHRE PHANTASIE.<\/h5>\n<p>Unser unbegrenztes Eissortiment wird durch eine kuratierte Kombination von kostbaren, erstklassigen Zutaten (Frucht, Vollmilch und Rahm) erschaffen. Das Ghisolfi Speiseeis wird je nach Anfrage geschaffen und erf\u00fcllt auch die h\u00f6chsten Anspr\u00fcche.<br \/>\nUnser Labor ist in der Lage, sowohl kleine, als auch grosse Quantit\u00e4t von mehr als 300 Speiseeissorten zu erschaffen.[\/vc_column_text][\/vc_column_inner][\/vc_row_inner][\/vc_column][\/vc_row][\/vc_section][vc_section][vc_row equal_height=&#8220;yes&#8220; content_placement=&#8220;middle&#8220;][vc_column width=&#8220;2\/3&#8243; css=&#8220;.vc_custom_1521565908570{border-top-width: 10px !important;border-right-width: 10px !important;border-bottom-width: 10px !important;border-left-width: 10px !important;border-left-color: #f4f3f1 !important;border-left-style: solid !important;border-right-color: #f4f3f1 !important;border-right-style: solid !important;border-top-color: #f4f3f1 !important;border-top-style: solid !important;border-bottom-color: #f4f3f1 !important;border-bottom-style: solid !important;}&#8220;][\/vc_column][\/vc_row][\/vc_section][vc_row][vc_column][vc_btn title=&#8220;ERSCHAFFEN SIE IHR BELIEBTES EISGESCHMACK MIT UNS!&#8220; align=&#8220;center&#8220; link=&#8220;url:http%3A%2F%2Fwww.gelateriaghisolfi.com%2Fcontatti%2F|&#8220;][\/vc_column][\/vc_row]\n<\/div>","protected":false},"excerpt":{"rendered":"<p>[vc_section][vc_row equal_height=&#8220;yes&#8220; content_placement=&#8220;middle&#8220;][vc_column width=&#8220;1\/3&#8243; el_class=&#8220;z-index&#8211;2&#8243;][vc_empty_space height=&#8220;4rem&#8220;][vc_single_image image=&#8220;1332&#8243; img_size=&#8220;full&#8220; style=&#8220;xtd-shadow&#8211;large-light&#8220; el_class=&#8220;xtd-responsive-margin-negative&#8211;right-80&#8243;][vc_empty_space height=&#8220;2rem&#8220;][\/vc_column][vc_column width=&#8220;2\/3&#8243; css=&#8220;.vc_custom_1521565908570{border-top-width: 10px !important;border-right-width: 10px !important;border-bottom-width: 10px !important;border-left-width: 10px !important;border-left-color: #f4f3f1 !important;border-left-style: solid !important;border-right-color: #f4f3f1 !important;border-right-style: solid !important;border-top-color: #f4f3f1 !important;border-top-style: solid !important;border-bottom-color: #f4f3f1 !important;border-bottom-style: solid !important;}&#8220;][vc_row_inner][vc_column_inner width=&#8220;1\/2&#8243; offset=&#8220;vc_col-sm-offset-5&#8243;][vc_column_text] HANDWERKLICH HERGESTELLTES SPEISEEIS F\u00dcR BARS, RESTAURANTS UND EISDIELEN Wie ein perfekter Anzug, erf\u00fcllt unser reiches Sortiment von handwerklich hergestelltem Speiseeis auch [&hellip;]<\/p>\n","protected":false},"author":1,"featured_media":0,"parent":0,"menu_order":0,"comment_status":"closed","ping_status":"closed","template":"","meta":{"inline_featured_image":false,"footnotes":""},"class_list":["post-1311","page","type-page","status-publish","hentry"],"yoast_head":"<!-- This site is optimized with the Yoast SEO plugin v26.5 - https:\/\/yoast.com\/wordpress\/plugins\/seo\/ -->\n<title>Handwerklich hergestelltes Speiseeis f\u00fcr Dritte -<\/title>\n<meta name=\"robots\" content=\"index, follow, max-snippet:-1, max-image-preview:large, max-video-preview:-1\" \/>\n<link rel=\"canonical\" href=\"https:\/\/www.gelateriaghisolfi.com\/de\/handwerklich-hergestelltes-speiseeis-fuer-dritte\/\" \/>\n<meta property=\"og:locale\" content=\"de_DE\" \/>\n<meta property=\"og:type\" content=\"article\" \/>\n<meta property=\"og:title\" content=\"Handwerklich hergestelltes Speiseeis f\u00fcr Dritte -\" \/>\n<meta property=\"og:description\" content=\"[vc_section][vc_row equal_height=&#8220;yes&#8220; content_placement=&#8220;middle&#8220;][vc_column width=&#8220;1\/3&#8243; el_class=&#8220;z-index&#8211;2&#8243;][vc_empty_space height=&#8220;4rem&#8220;][vc_single_image image=&#8220;1332&#8243; img_size=&#8220;full&#8220; style=&#8220;xtd-shadow&#8211;large-light&#8220; el_class=&#8220;xtd-responsive-margin-negative&#8211;right-80&#8243;][vc_empty_space height=&#8220;2rem&#8220;][\/vc_column][vc_column width=&#8220;2\/3&#8243; css=&#8220;.vc_custom_1521565908570{border-top-width: 10px !important;border-right-width: 10px !important;border-bottom-width: 10px !important;border-left-width: 10px !important;border-left-color: #f4f3f1 !important;border-left-style: solid !important;border-right-color: #f4f3f1 !important;border-right-style: solid !important;border-top-color: #f4f3f1 !important;border-top-style: solid !important;border-bottom-color: #f4f3f1 !important;border-bottom-style: solid !important;}&#8220;][vc_row_inner][vc_column_inner width=&#8220;1\/2&#8243; offset=&#8220;vc_col-sm-offset-5&#8243;][vc_column_text] HANDWERKLICH HERGESTELLTES SPEISEEIS F\u00dcR BARS, RESTAURANTS UND EISDIELEN Wie ein perfekter Anzug, erf\u00fcllt unser reiches Sortiment von handwerklich hergestelltem Speiseeis auch [&hellip;]\" \/>\n<meta property=\"og:url\" content=\"https:\/\/www.gelateriaghisolfi.com\/de\/handwerklich-hergestelltes-speiseeis-fuer-dritte\/\" \/>\n<meta property=\"article:modified_time\" content=\"2024-07-24T11:36:13+00:00\" \/>\n<meta name=\"twitter:card\" content=\"summary_large_image\" \/>\n<meta name=\"twitter:label1\" content=\"Gesch\u00e4tzte Lesezeit\" \/>\n\t<meta name=\"twitter:data1\" content=\"5\u00a0Minuten\" \/>\n<script type=\"application\/ld+json\" class=\"yoast-schema-graph\">{\"@context\":\"https:\/\/schema.org\",\"@graph\":[{\"@type\":\"WebPage\",\"@id\":\"https:\/\/www.gelateriaghisolfi.com\/de\/handwerklich-hergestelltes-speiseeis-fuer-dritte\/\",\"url\":\"https:\/\/www.gelateriaghisolfi.com\/de\/handwerklich-hergestelltes-speiseeis-fuer-dritte\/\",\"name\":\"Handwerklich hergestelltes Speiseeis f\u00fcr Dritte -\",\"isPartOf\":{\"@id\":\"https:\/\/www.gelateriaghisolfi.com\/de\/#website\"},\"datePublished\":\"2021-06-08T15:27:43+00:00\",\"dateModified\":\"2024-07-24T11:36:13+00:00\",\"breadcrumb\":{\"@id\":\"https:\/\/www.gelateriaghisolfi.com\/de\/handwerklich-hergestelltes-speiseeis-fuer-dritte\/#breadcrumb\"},\"inLanguage\":\"de\",\"potentialAction\":[{\"@type\":\"ReadAction\",\"target\":[\"https:\/\/www.gelateriaghisolfi.com\/de\/handwerklich-hergestelltes-speiseeis-fuer-dritte\/\"]}]},{\"@type\":\"BreadcrumbList\",\"@id\":\"https:\/\/www.gelateriaghisolfi.com\/de\/handwerklich-hergestelltes-speiseeis-fuer-dritte\/#breadcrumb\",\"itemListElement\":[{\"@type\":\"ListItem\",\"position\":1,\"name\":\"Home\",\"item\":\"https:\/\/www.gelateriaghisolfi.com\/de\/\"},{\"@type\":\"ListItem\",\"position\":2,\"name\":\"Handwerklich hergestelltes Speiseeis f\u00fcr Dritte\"}]},{\"@type\":\"WebSite\",\"@id\":\"https:\/\/www.gelateriaghisolfi.com\/de\/#website\",\"url\":\"https:\/\/www.gelateriaghisolfi.com\/de\/\",\"name\":\"\",\"description\":\"Produzione gelato artigianale\",\"potentialAction\":[{\"@type\":\"SearchAction\",\"target\":{\"@type\":\"EntryPoint\",\"urlTemplate\":\"https:\/\/www.gelateriaghisolfi.com\/de\/?s={search_term_string}\"},\"query-input\":{\"@type\":\"PropertyValueSpecification\",\"valueRequired\":true,\"valueName\":\"search_term_string\"}}],\"inLanguage\":\"de\"}]}<\/script>\n<!-- \/ Yoast SEO plugin. -->","yoast_head_json":{"title":"Handwerklich hergestelltes Speiseeis f\u00fcr Dritte -","robots":{"index":"index","follow":"follow","max-snippet":"max-snippet:-1","max-image-preview":"max-image-preview:large","max-video-preview":"max-video-preview:-1"},"canonical":"https:\/\/www.gelateriaghisolfi.com\/de\/handwerklich-hergestelltes-speiseeis-fuer-dritte\/","og_locale":"de_DE","og_type":"article","og_title":"Handwerklich hergestelltes Speiseeis f\u00fcr Dritte -","og_description":"[vc_section][vc_row equal_height=&#8220;yes&#8220; content_placement=&#8220;middle&#8220;][vc_column width=&#8220;1\/3&#8243; el_class=&#8220;z-index&#8211;2&#8243;][vc_empty_space height=&#8220;4rem&#8220;][vc_single_image image=&#8220;1332&#8243; img_size=&#8220;full&#8220; style=&#8220;xtd-shadow&#8211;large-light&#8220; el_class=&#8220;xtd-responsive-margin-negative&#8211;right-80&#8243;][vc_empty_space height=&#8220;2rem&#8220;][\/vc_column][vc_column width=&#8220;2\/3&#8243; css=&#8220;.vc_custom_1521565908570{border-top-width: 10px !important;border-right-width: 10px !important;border-bottom-width: 10px !important;border-left-width: 10px !important;border-left-color: #f4f3f1 !important;border-left-style: solid !important;border-right-color: #f4f3f1 !important;border-right-style: solid !important;border-top-color: #f4f3f1 !important;border-top-style: solid !important;border-bottom-color: #f4f3f1 !important;border-bottom-style: solid !important;}&#8220;][vc_row_inner][vc_column_inner width=&#8220;1\/2&#8243; offset=&#8220;vc_col-sm-offset-5&#8243;][vc_column_text] HANDWERKLICH HERGESTELLTES SPEISEEIS F\u00dcR BARS, RESTAURANTS UND EISDIELEN Wie ein perfekter Anzug, erf\u00fcllt unser reiches Sortiment von handwerklich hergestelltem Speiseeis auch [&hellip;]","og_url":"https:\/\/www.gelateriaghisolfi.com\/de\/handwerklich-hergestelltes-speiseeis-fuer-dritte\/","article_modified_time":"2024-07-24T11:36:13+00:00","twitter_card":"summary_large_image","twitter_misc":{"Gesch\u00e4tzte Lesezeit":"5\u00a0Minuten"},"schema":{"@context":"https:\/\/schema.org","@graph":[{"@type":"WebPage","@id":"https:\/\/www.gelateriaghisolfi.com\/de\/handwerklich-hergestelltes-speiseeis-fuer-dritte\/","url":"https:\/\/www.gelateriaghisolfi.com\/de\/handwerklich-hergestelltes-speiseeis-fuer-dritte\/","name":"Handwerklich hergestelltes Speiseeis f\u00fcr Dritte -","isPartOf":{"@id":"https:\/\/www.gelateriaghisolfi.com\/de\/#website"},"datePublished":"2021-06-08T15:27:43+00:00","dateModified":"2024-07-24T11:36:13+00:00","breadcrumb":{"@id":"https:\/\/www.gelateriaghisolfi.com\/de\/handwerklich-hergestelltes-speiseeis-fuer-dritte\/#breadcrumb"},"inLanguage":"de","potentialAction":[{"@type":"ReadAction","target":["https:\/\/www.gelateriaghisolfi.com\/de\/handwerklich-hergestelltes-speiseeis-fuer-dritte\/"]}]},{"@type":"BreadcrumbList","@id":"https:\/\/www.gelateriaghisolfi.com\/de\/handwerklich-hergestelltes-speiseeis-fuer-dritte\/#breadcrumb","itemListElement":[{"@type":"ListItem","position":1,"name":"Home","item":"https:\/\/www.gelateriaghisolfi.com\/de\/"},{"@type":"ListItem","position":2,"name":"Handwerklich hergestelltes Speiseeis f\u00fcr Dritte"}]},{"@type":"WebSite","@id":"https:\/\/www.gelateriaghisolfi.com\/de\/#website","url":"https:\/\/www.gelateriaghisolfi.com\/de\/","name":"","description":"Produzione gelato artigianale","potentialAction":[{"@type":"SearchAction","target":{"@type":"EntryPoint","urlTemplate":"https:\/\/www.gelateriaghisolfi.com\/de\/?s={search_term_string}"},"query-input":{"@type":"PropertyValueSpecification","valueRequired":true,"valueName":"search_term_string"}}],"inLanguage":"de"}]}},"_links":{"self":[{"href":"https:\/\/www.gelateriaghisolfi.com\/de\/wp-json\/wp\/v2\/pages\/1311","targetHints":{"allow":["GET"]}}],"collection":[{"href":"https:\/\/www.gelateriaghisolfi.com\/de\/wp-json\/wp\/v2\/pages"}],"about":[{"href":"https:\/\/www.gelateriaghisolfi.com\/de\/wp-json\/wp\/v2\/types\/page"}],"author":[{"embeddable":true,"href":"https:\/\/www.gelateriaghisolfi.com\/de\/wp-json\/wp\/v2\/users\/1"}],"replies":[{"embeddable":true,"href":"https:\/\/www.gelateriaghisolfi.com\/de\/wp-json\/wp\/v2\/comments?post=1311"}],"version-history":[{"count":22,"href":"https:\/\/www.gelateriaghisolfi.com\/de\/wp-json\/wp\/v2\/pages\/1311\/revisions"}],"predecessor-version":[{"id":1868,"href":"https:\/\/www.gelateriaghisolfi.com\/de\/wp-json\/wp\/v2\/pages\/1311\/revisions\/1868"}],"wp:attachment":[{"href":"https:\/\/www.gelateriaghisolfi.com\/de\/wp-json\/wp\/v2\/media?parent=1311"}],"curies":[{"name":"wp","href":"https:\/\/api.w.org\/{rel}","templated":true}]}}