{"id":1298,"date":"2021-06-08T17:20:56","date_gmt":"2021-06-08T15:20:56","guid":{"rendered":"https:\/\/www.gelateriaghisolfi.com\/veganes-eis\/"},"modified":"2021-06-10T11:46:54","modified_gmt":"2021-06-10T09:46:54","slug":"veganes-eis","status":"publish","type":"page","link":"https:\/\/www.gelateriaghisolfi.com\/de\/veganes-eis\/","title":{"rendered":"Veganes Eis"},"content":{"rendered":"<div class=\"wpb-content-wrapper\">[vc_section][vc_row equal_height=&#8220;yes&#8220; content_placement=&#8220;middle&#8220;][vc_column width=&#8220;1\/3&#8243; el_class=&#8220;z-index&#8211;2&#8243;][vc_empty_space height=&#8220;4rem&#8220;][vc_single_image image=&#8220;1301&#8243; img_size=&#8220;full&#8220; style=&#8220;xtd-shadow&#8211;large-light&#8220; el_class=&#8220;xtd-responsive-margin-negative&#8211;right-80&#8243;][vc_empty_space height=&#8220;2rem&#8220;][\/vc_column][vc_column width=&#8220;2\/3&#8243; css=&#8220;.vc_custom_1521565908570{border-top-width: 10px !important;border-right-width: 10px !important;border-bottom-width: 10px !important;border-left-width: 10px !important;border-left-color: #f4f3f1 !important;border-left-style: solid !important;border-right-color: #f4f3f1 !important;border-right-style: solid !important;border-top-color: #f4f3f1 !important;border-top-style: solid !important;border-bottom-color: #f4f3f1 !important;border-bottom-style: solid !important;}&#8220;][vc_row_inner][vc_column_inner width=&#8220;1\/2&#8243; offset=&#8220;vc_col-sm-offset-5&#8243;][vc_column_text]\n<h5>VEGANES EIS MIT DEN BESTEN FR\u00dcCHTEN AUS DER GANZEN WELT<\/h5>\n<p>Unser milchfreies veganes Eis wird ohne Konservierungsstoffen und mit einer h\u00f6chst kuratierten Auswahl von bei richtigem Reifegrad gepfl\u00fcckteten Fr\u00fcchten.<br \/>\nUnsere Sorbets haben einen sehr hohen Fruchtanteil f\u00fcr ein echt fruchtiges, nat\u00fcrliches Aroma und sind in 1,5 kg und 3 kg. Beh\u00e4ltern verf\u00fcgbar.[\/vc_column_text][\/vc_column_inner][\/vc_row_inner][\/vc_column][\/vc_row][\/vc_section][vc_section][vc_row curly_padding=&#8220;content-padding-xs&#8220; css=&#8220;.vc_custom_1521751083007{padding-bottom: 6rem !important;}&#8220;][vc_column offset=&#8220;vc_col-lg-offset-1 vc_col-lg-10&#8243;][vc_row_inner][vc_column_inner][vc_column_text]\n<h1 class=\"special-title\"><strong>Von Frucht zu Eis\u00a0<\/strong><\/h1>\n<h4 class=\"special-title\">MILCHFREIES EIS OHNE RAHM UND EIER<\/h4>\n[\/vc_column_text][vc_column_text]Cremige und zartschmelzende Sorbets geschaffen und hergestellt mit den besten Cultivaren der Welt, verf\u00fcgbar in den folgenden Sorten:[\/vc_column_text][\/vc_column_inner][\/vc_row_inner][vc_row_inner equal_height=&#8220;yes&#8220; content_placement=&#8220;middle&#8220;][vc_column_inner width=&#8220;1\/3&#8243;][vc_column_text]\n<ul>\n<li>A+C+E (Orange, Karotten, Zitrone)<\/li>\n<li>Aprikose<\/li>\n<li>Ananas<\/li>\n<li>Wassermelone<\/li>\n<li>Sizilianische Blutorange<\/li>\n<li>Banane<\/li>\n<li>Bitterschokolade<\/li>\n<li>Erdbeere<\/li>\n<li>Barbera Erdbeere<\/li>\n<\/ul>\n[\/vc_column_text][\/vc_column_inner][vc_column_inner width=&#8220;1\/3&#8243;][vc_column_text]\n<ul>\n<li>Waldbeeren<\/li>\n<li>Passionsfrucht<\/li>\n<li>Himbeere<\/li>\n<li>Sizilianische Zitrone<\/li>\n<li>Sizilianische Mandarine<\/li>\n<li>Alphonso Mango<\/li>\n<li>Granny Smith Apfel<\/li>\n<\/ul>\n[\/vc_column_text][\/vc_column_inner][vc_column_inner width=&#8220;1\/3&#8243;][vc_column_text]\n<ul>\n<li>Melone<\/li>\n<li>Blaubeere<\/li>\n<li>Heidelbeere (Bio)<\/li>\n<li>Birne<\/li>\n<li>Pfirsich<\/li>\n<li>Pink-Grapefruit<\/li>\n<li>Nat\u00fcrliches Soja<\/li>\n<li>Trauben<\/li>\n<\/ul>\n[\/vc_column_text][\/vc_column_inner][\/vc_row_inner][\/vc_column][\/vc_row][\/vc_section][vc_row equal_height=&#8220;yes&#8220; content_placement=&#8220;middle&#8220;][vc_column width=&#8220;1\/3&#8243; el_class=&#8220;z-index&#8211;2&#8243;][vc_empty_space height=&#8220;4rem&#8220;][vc_single_image image=&#8220;1304&#8243; img_size=&#8220;full&#8220; style=&#8220;xtd-shadow&#8211;large-light&#8220; el_class=&#8220;xtd-responsive-margin-negative&#8211;right-80&#8243;][vc_empty_space height=&#8220;2rem&#8220;][\/vc_column][vc_column width=&#8220;2\/3&#8243; css=&#8220;.vc_custom_1521565908570{border-top-width: 10px !important;border-right-width: 10px !important;border-bottom-width: 10px !important;border-left-width: 10px !important;border-left-color: #f4f3f1 !important;border-left-style: solid !important;border-right-color: #f4f3f1 !important;border-right-style: solid !important;border-top-color: #f4f3f1 !important;border-top-style: solid !important;border-bottom-color: #f4f3f1 !important;border-bottom-style: solid !important;}&#8220;][vc_row_inner][vc_column_inner width=&#8220;1\/2&#8243; offset=&#8220;vc_col-sm-offset-5&#8243;][vc_column_text]\n<h5>PFLANZLICHE SORBETS<\/h5>\n<p>Milchfreie pflanzliche Sorbets mit Soja, Dinkel, Lupine oder Reis kombiniert mit Schokolade, Pistazien, Vanille, Kaffee, Erdbeeren und Haseln\u00fcssen f\u00fcr ein echt nat\u00fcrliches Aroma und eine typische Eis-Konsistenz.<br \/>\nUm die h\u00f6chsten Anspr\u00fcche zu erf\u00fcllen, werden oft auch Safran und Spiruline verwendet. Unsere pflanzlichen Sorbets sind f\u00fcr Laktoseintolerante besonders geeignet und auf Bestellung lieferbar (die vorgeschriebene Mindestmenge kann im Bezug auf die bestellte Sorte ver\u00e4ndern).[\/vc_column_text][\/vc_column_inner][\/vc_row_inner][\/vc_column][\/vc_row][vc_row][vc_column][vc_btn title=&#8220;KONTAKTIEREN SIE UNS, UM IHR BELIEBTES VEGANESEIS ZU BESTELLEN!&#8220; align=&#8220;center&#8220; link=&#8220;url:https%3A%2F%2Fwww.gelateriaghisolfi.com%2Fde%2Fkontakte-gelateria-ghisolfi%2F||target:%20_blank|&#8220;][\/vc_column][\/vc_row]\n<\/div>","protected":false},"excerpt":{"rendered":"<p>[vc_section][vc_row equal_height=&#8220;yes&#8220; content_placement=&#8220;middle&#8220;][vc_column width=&#8220;1\/3&#8243; el_class=&#8220;z-index&#8211;2&#8243;][vc_empty_space height=&#8220;4rem&#8220;][vc_single_image image=&#8220;1301&#8243; img_size=&#8220;full&#8220; style=&#8220;xtd-shadow&#8211;large-light&#8220; el_class=&#8220;xtd-responsive-margin-negative&#8211;right-80&#8243;][vc_empty_space height=&#8220;2rem&#8220;][\/vc_column][vc_column width=&#8220;2\/3&#8243; css=&#8220;.vc_custom_1521565908570{border-top-width: 10px !important;border-right-width: 10px !important;border-bottom-width: 10px !important;border-left-width: 10px !important;border-left-color: #f4f3f1 !important;border-left-style: solid !important;border-right-color: #f4f3f1 !important;border-right-style: solid !important;border-top-color: #f4f3f1 !important;border-top-style: solid !important;border-bottom-color: #f4f3f1 !important;border-bottom-style: solid !important;}&#8220;][vc_row_inner][vc_column_inner width=&#8220;1\/2&#8243; offset=&#8220;vc_col-sm-offset-5&#8243;][vc_column_text] VEGANES EIS MIT DEN BESTEN FR\u00dcCHTEN AUS DER GANZEN WELT Unser milchfreies veganes Eis wird ohne Konservierungsstoffen und mit einer h\u00f6chst [&hellip;]<\/p>\n","protected":false},"author":1,"featured_media":0,"parent":0,"menu_order":0,"comment_status":"closed","ping_status":"closed","template":"","meta":{"inline_featured_image":false,"footnotes":""},"class_list":["post-1298","page","type-page","status-publish","hentry"],"yoast_head":"<!-- This site is optimized with the Yoast SEO plugin v26.5 - https:\/\/yoast.com\/wordpress\/plugins\/seo\/ -->\n<title>Veganes Eis -<\/title>\n<meta name=\"robots\" content=\"index, follow, max-snippet:-1, max-image-preview:large, max-video-preview:-1\" \/>\n<link rel=\"canonical\" href=\"https:\/\/www.gelateriaghisolfi.com\/de\/veganes-eis\/\" \/>\n<meta property=\"og:locale\" content=\"de_DE\" \/>\n<meta property=\"og:type\" content=\"article\" \/>\n<meta property=\"og:title\" content=\"Veganes Eis -\" \/>\n<meta property=\"og:description\" content=\"[vc_section][vc_row equal_height=&#8220;yes&#8220; content_placement=&#8220;middle&#8220;][vc_column width=&#8220;1\/3&#8243; el_class=&#8220;z-index&#8211;2&#8243;][vc_empty_space height=&#8220;4rem&#8220;][vc_single_image image=&#8220;1301&#8243; img_size=&#8220;full&#8220; style=&#8220;xtd-shadow&#8211;large-light&#8220; el_class=&#8220;xtd-responsive-margin-negative&#8211;right-80&#8243;][vc_empty_space height=&#8220;2rem&#8220;][\/vc_column][vc_column width=&#8220;2\/3&#8243; css=&#8220;.vc_custom_1521565908570{border-top-width: 10px !important;border-right-width: 10px !important;border-bottom-width: 10px !important;border-left-width: 10px !important;border-left-color: #f4f3f1 !important;border-left-style: solid !important;border-right-color: #f4f3f1 !important;border-right-style: solid !important;border-top-color: #f4f3f1 !important;border-top-style: solid !important;border-bottom-color: #f4f3f1 !important;border-bottom-style: solid !important;}&#8220;][vc_row_inner][vc_column_inner width=&#8220;1\/2&#8243; offset=&#8220;vc_col-sm-offset-5&#8243;][vc_column_text] VEGANES EIS MIT DEN BESTEN FR\u00dcCHTEN AUS DER GANZEN WELT Unser milchfreies veganes Eis wird ohne Konservierungsstoffen und mit einer h\u00f6chst [&hellip;]\" \/>\n<meta property=\"og:url\" content=\"https:\/\/www.gelateriaghisolfi.com\/de\/veganes-eis\/\" \/>\n<meta property=\"article:modified_time\" content=\"2021-06-10T09:46:54+00:00\" \/>\n<meta name=\"twitter:card\" content=\"summary_large_image\" \/>\n<meta name=\"twitter:label1\" content=\"Gesch\u00e4tzte Lesezeit\" \/>\n\t<meta name=\"twitter:data1\" content=\"3\u00a0Minuten\" \/>\n<script type=\"application\/ld+json\" class=\"yoast-schema-graph\">{\"@context\":\"https:\/\/schema.org\",\"@graph\":[{\"@type\":\"WebPage\",\"@id\":\"https:\/\/www.gelateriaghisolfi.com\/de\/veganes-eis\/\",\"url\":\"https:\/\/www.gelateriaghisolfi.com\/de\/veganes-eis\/\",\"name\":\"Veganes Eis -\",\"isPartOf\":{\"@id\":\"https:\/\/www.gelateriaghisolfi.com\/de\/#website\"},\"datePublished\":\"2021-06-08T15:20:56+00:00\",\"dateModified\":\"2021-06-10T09:46:54+00:00\",\"breadcrumb\":{\"@id\":\"https:\/\/www.gelateriaghisolfi.com\/de\/veganes-eis\/#breadcrumb\"},\"inLanguage\":\"de\",\"potentialAction\":[{\"@type\":\"ReadAction\",\"target\":[\"https:\/\/www.gelateriaghisolfi.com\/de\/veganes-eis\/\"]}]},{\"@type\":\"BreadcrumbList\",\"@id\":\"https:\/\/www.gelateriaghisolfi.com\/de\/veganes-eis\/#breadcrumb\",\"itemListElement\":[{\"@type\":\"ListItem\",\"position\":1,\"name\":\"Home\",\"item\":\"https:\/\/www.gelateriaghisolfi.com\/de\/\"},{\"@type\":\"ListItem\",\"position\":2,\"name\":\"Veganes Eis\"}]},{\"@type\":\"WebSite\",\"@id\":\"https:\/\/www.gelateriaghisolfi.com\/de\/#website\",\"url\":\"https:\/\/www.gelateriaghisolfi.com\/de\/\",\"name\":\"\",\"description\":\"Produzione gelato artigianale\",\"potentialAction\":[{\"@type\":\"SearchAction\",\"target\":{\"@type\":\"EntryPoint\",\"urlTemplate\":\"https:\/\/www.gelateriaghisolfi.com\/de\/?s={search_term_string}\"},\"query-input\":{\"@type\":\"PropertyValueSpecification\",\"valueRequired\":true,\"valueName\":\"search_term_string\"}}],\"inLanguage\":\"de\"}]}<\/script>\n<!-- \/ Yoast SEO plugin. -->","yoast_head_json":{"title":"Veganes Eis -","robots":{"index":"index","follow":"follow","max-snippet":"max-snippet:-1","max-image-preview":"max-image-preview:large","max-video-preview":"max-video-preview:-1"},"canonical":"https:\/\/www.gelateriaghisolfi.com\/de\/veganes-eis\/","og_locale":"de_DE","og_type":"article","og_title":"Veganes Eis -","og_description":"[vc_section][vc_row equal_height=&#8220;yes&#8220; content_placement=&#8220;middle&#8220;][vc_column width=&#8220;1\/3&#8243; el_class=&#8220;z-index&#8211;2&#8243;][vc_empty_space height=&#8220;4rem&#8220;][vc_single_image image=&#8220;1301&#8243; img_size=&#8220;full&#8220; style=&#8220;xtd-shadow&#8211;large-light&#8220; el_class=&#8220;xtd-responsive-margin-negative&#8211;right-80&#8243;][vc_empty_space height=&#8220;2rem&#8220;][\/vc_column][vc_column width=&#8220;2\/3&#8243; css=&#8220;.vc_custom_1521565908570{border-top-width: 10px !important;border-right-width: 10px !important;border-bottom-width: 10px !important;border-left-width: 10px !important;border-left-color: #f4f3f1 !important;border-left-style: solid !important;border-right-color: #f4f3f1 !important;border-right-style: solid !important;border-top-color: #f4f3f1 !important;border-top-style: solid !important;border-bottom-color: #f4f3f1 !important;border-bottom-style: solid !important;}&#8220;][vc_row_inner][vc_column_inner width=&#8220;1\/2&#8243; offset=&#8220;vc_col-sm-offset-5&#8243;][vc_column_text] VEGANES EIS MIT DEN BESTEN FR\u00dcCHTEN AUS DER GANZEN WELT Unser milchfreies veganes Eis wird ohne Konservierungsstoffen und mit einer h\u00f6chst [&hellip;]","og_url":"https:\/\/www.gelateriaghisolfi.com\/de\/veganes-eis\/","article_modified_time":"2021-06-10T09:46:54+00:00","twitter_card":"summary_large_image","twitter_misc":{"Gesch\u00e4tzte Lesezeit":"3\u00a0Minuten"},"schema":{"@context":"https:\/\/schema.org","@graph":[{"@type":"WebPage","@id":"https:\/\/www.gelateriaghisolfi.com\/de\/veganes-eis\/","url":"https:\/\/www.gelateriaghisolfi.com\/de\/veganes-eis\/","name":"Veganes Eis -","isPartOf":{"@id":"https:\/\/www.gelateriaghisolfi.com\/de\/#website"},"datePublished":"2021-06-08T15:20:56+00:00","dateModified":"2021-06-10T09:46:54+00:00","breadcrumb":{"@id":"https:\/\/www.gelateriaghisolfi.com\/de\/veganes-eis\/#breadcrumb"},"inLanguage":"de","potentialAction":[{"@type":"ReadAction","target":["https:\/\/www.gelateriaghisolfi.com\/de\/veganes-eis\/"]}]},{"@type":"BreadcrumbList","@id":"https:\/\/www.gelateriaghisolfi.com\/de\/veganes-eis\/#breadcrumb","itemListElement":[{"@type":"ListItem","position":1,"name":"Home","item":"https:\/\/www.gelateriaghisolfi.com\/de\/"},{"@type":"ListItem","position":2,"name":"Veganes Eis"}]},{"@type":"WebSite","@id":"https:\/\/www.gelateriaghisolfi.com\/de\/#website","url":"https:\/\/www.gelateriaghisolfi.com\/de\/","name":"","description":"Produzione gelato artigianale","potentialAction":[{"@type":"SearchAction","target":{"@type":"EntryPoint","urlTemplate":"https:\/\/www.gelateriaghisolfi.com\/de\/?s={search_term_string}"},"query-input":{"@type":"PropertyValueSpecification","valueRequired":true,"valueName":"search_term_string"}}],"inLanguage":"de"}]}},"_links":{"self":[{"href":"https:\/\/www.gelateriaghisolfi.com\/de\/wp-json\/wp\/v2\/pages\/1298","targetHints":{"allow":["GET"]}}],"collection":[{"href":"https:\/\/www.gelateriaghisolfi.com\/de\/wp-json\/wp\/v2\/pages"}],"about":[{"href":"https:\/\/www.gelateriaghisolfi.com\/de\/wp-json\/wp\/v2\/types\/page"}],"author":[{"embeddable":true,"href":"https:\/\/www.gelateriaghisolfi.com\/de\/wp-json\/wp\/v2\/users\/1"}],"replies":[{"embeddable":true,"href":"https:\/\/www.gelateriaghisolfi.com\/de\/wp-json\/wp\/v2\/comments?post=1298"}],"version-history":[{"count":7,"href":"https:\/\/www.gelateriaghisolfi.com\/de\/wp-json\/wp\/v2\/pages\/1298\/revisions"}],"predecessor-version":[{"id":1381,"href":"https:\/\/www.gelateriaghisolfi.com\/de\/wp-json\/wp\/v2\/pages\/1298\/revisions\/1381"}],"wp:attachment":[{"href":"https:\/\/www.gelateriaghisolfi.com\/de\/wp-json\/wp\/v2\/media?parent=1298"}],"curies":[{"name":"wp","href":"https:\/\/api.w.org\/{rel}","templated":true}]}}