{"id":1166,"date":"2021-06-08T16:46:33","date_gmt":"2021-06-08T14:46:33","guid":{"rendered":"https:\/\/www.gelateriaghisolfi.com\/handwerklich-hergestelltes-speiseeis\/"},"modified":"2024-07-24T12:56:59","modified_gmt":"2024-07-24T10:56:59","slug":"handwerklich-hergestelltes-speiseeis","status":"publish","type":"page","link":"https:\/\/www.gelateriaghisolfi.com\/de\/","title":{"rendered":"Handwerklich hergestelltes Speiseeis"},"content":{"rendered":"<div class=\"wpb-content-wrapper\">[vc_section full_width=&#8220;stretch_row&#8220; full_height=&#8220;yes&#8220; content_placement=&#8220;middle&#8220; css=&#8220;.vc_custom_1650962986636{background-image: url(https:\/\/www.gelateriaghisolfi.com\/wp-content\/uploads\/2022\/03\/01-foto-fragola-che-sostituisce-la-foto-della-fragola-nel-gelato-artigianale-scaled.jpg?id=1486) !important;background-position: center !important;background-repeat: no-repeat !important;background-size: cover !important;}&#8220;][vc_row el_class=&#8220;color&#8211;text-inverted xtd-text-shadow&#8211;small-normal&#8220;][vc_column offset=&#8220;vc_col-lg-offset-2 vc_col-lg-8 vc_col-md-offset-1 vc_col-md-10&#8243;][vc_empty_space height=&#8220;6rem&#8220;][vc_column_text]\n<h1 style=\"text-align: center;\">Handwerlich Hergestlltes eis aus Leidenschaft<\/h1>\n[\/vc_column_text][\/vc_column][vc_column width=&#8220;5\/6&#8243; offset=&#8220;vc_col-lg-offset-2 vc_col-lg-8&#8243;][vc_column_text][\/vc_column_text][vc_btn title=&#8220;KONTAKTIEREN SIE UNS, UM ZU BESTELLEN UND EINE LIEFERZEIT EINZURICHTEN. WIR VERSENDEN IN EUROPA !&#8220; align=&#8220;center&#8220; link=&#8220;url:https%3A%2F%2Fwww.gelateriaghisolfi.com%2Fde%2Fkontakte-gelateria-ghisolfi%2F|title:Gelato%20a%20domicilio%20%E2%80%93%20L%E2%80%99eccellenza%20a%20casa%20tua|target:%20_blank|&#8220;][\/vc_column][\/vc_row][\/vc_section][vc_section full_width=&#8220;stretch_row&#8220; css=&#8220;.vc_custom_1521321253464{background-color: #f5f3f1 !important;}&#8220;][vc_row][vc_column offset=&#8220;vc_col-lg-offset-2 vc_col-lg-8&#8243;][vc_column_text][\/vc_column_text][\/vc_column][\/vc_row][vc_row content_placement=&#8220;middle&#8220; curly_padding=&#8220;content-padding-none&#8220;][vc_column width=&#8220;1\/3&#8243;][vc_column_text css=&#8220;.vc_custom_1623319150051{margin-bottom: 4rem !important;}&#8220;]\n<h3 class=\"h4\">HANDWERKLICH HERGESTELLTES SPEISEEIS<\/h3>\n<p>Unser handwerklich hergestelltes Speiseeis ist nach den traditionellen italienischen Eis-Rezepten produziert, d.h. mit hochwertiger frischer Vollmilch, Eier aus Freilandhaltung und den besten Zutaten aus Italien sowie aus der ganzen Welt.<\/p>\n<p><a href=\"https:\/\/www.gelateriaghisolfi.com\/de\/handwerklich-hergestelltes-speiseeis-2\/\"><strong>MEHR ERFAHREN <\/strong><\/a>[\/vc_column_text][\/vc_column][vc_column width=&#8220;7\/12&#8243; offset=&#8220;vc_col-sm-offset-1&#8243;][vc_single_image image=&#8220;1498&#8243; img_size=&#8220;large&#8220; style=&#8220;xtd-shadow&#8211;large-light&#8220; css_animation=&#8220;fadeInRight&#8220; el_class=&#8220;xtd-margin-negative&#8211;bottom-3&#8243; curly_width=&#8220;100%&#8220;][\/vc_column][\/vc_row][vc_row content_placement=&#8220;middle&#8220; css=&#8220;.vc_custom_1521323448636{padding-top: 0px !important;}&#8220;][vc_column width=&#8220;7\/12&#8243;][vc_single_image image=&#8220;1448&#8243; img_size=&#8220;large&#8220; style=&#8220;xtd-shadow&#8211;large-light&#8220; css_animation=&#8220;fadeInLeft&#8220; el_class=&#8220;xtd-margin-negative&#8211;top-3&#8243; curly_width=&#8220;100%&#8220;][\/vc_column][vc_column width=&#8220;1\/3&#8243; offset=&#8220;vc_col-sm-offset-1&#8243;][vc_column_text css=&#8220;.vc_custom_1623317881962{margin-top: 4rem !important;}&#8220;]\n<h3 class=\"h4\">BIO-SPEISEEIS<\/h3>\n<p>Seit 1996 sind wir Vorreiter in der Herstellung von Bio-Speiseeis nach traditionellen Verfahren und mit den besten und hochwertigsten von \u00d6kolandbau angebotenen Zutaten.<\/p>\n<p><strong><a href=\"https:\/\/www.gelateriaghisolfi.com\/de\/bio-speiseeis\/\">MEHR ERFAHREN <\/a><\/strong>[\/vc_column_text][\/vc_column][\/vc_row][vc_row content_placement=&#8220;middle&#8220; curly_padding=&#8220;content-padding-none&#8220;][vc_column width=&#8220;1\/3&#8243;][vc_column_text css=&#8220;.vc_custom_1623317908349{margin-bottom: 4rem !important;}&#8220;]\n<h3 class=\"h4\">VEGANES EIS<\/h3>\n<p>Unser veganes Eis wird mit einer h\u00f6chst kuratierten Auswahl von bei richtigem Reifegrad gepfl\u00fcckten Fr\u00fcchten ohne Milch und Konservierungsstoffen hergestellt.<br \/>\nUnsere Sorbets haben einen sehr hohen Fruchtanteil f\u00fcr ein echt fruchtiges und nat\u00fcrliches Aroma.<\/p>\n<p><a href=\"https:\/\/www.gelateriaghisolfi.com\/de\/veganes-eis\/\"><strong>MEHR ERFAHREN<\/strong><\/a>[\/vc_column_text][\/vc_column][vc_column width=&#8220;7\/12&#8243; offset=&#8220;vc_col-sm-offset-1&#8243;][vc_single_image image=&#8220;1444&#8243; img_size=&#8220;large&#8220; style=&#8220;xtd-shadow&#8211;large-light&#8220; css_animation=&#8220;fadeInRight&#8220; el_class=&#8220;xtd-margin-negative&#8211;bottom-3&#8243; curly_width=&#8220;100%&#8220;][\/vc_column][\/vc_row][vc_row content_placement=&#8220;middle&#8220; css=&#8220;.vc_custom_1521323448636{padding-top: 0px !important;}&#8220;][vc_column width=&#8220;7\/12&#8243;][vc_single_image image=&#8220;1502&#8243; img_size=&#8220;large&#8220; style=&#8220;xtd-shadow&#8211;large-light&#8220; css_animation=&#8220;fadeInLeft&#8220; el_class=&#8220;xtd-margin-negative&#8211;top-3&#8243; curly_width=&#8220;100%&#8220;][\/vc_column][vc_column width=&#8220;1\/3&#8243; offset=&#8220;vc_col-sm-offset-1&#8243;][vc_column_text css=&#8220;.vc_custom_1623317927579{margin-top: 4rem !important;}&#8220;]\n<h3 class=\"h4\">HANDWERKLICH HERGESTELLTES SPEISEEIS F\u00dcR DRITTE<\/h3>\n<p>Wie ein perfekter Anzug, erf\u00fcllt unser reiches Sortiment von handwerklich hergestelltem Speiseeis auch die h\u00f6chsten Anspr\u00fcche.<\/p>\n<p><a href=\"https:\/\/www.gelateriaghisolfi.com\/de\/handwerklich-hergestelltes-speiseeis-fuer-dritte\/\"><strong>MEHR ERFAHREN<\/strong><\/a>[\/vc_column_text][\/vc_column][\/vc_row][\/vc_section][vc_section][vc_row css=&#8220;.vc_custom_1521324582842{padding-bottom: 0px !important;}&#8220;][vc_column offset=&#8220;vc_col-lg-offset-2 vc_col-lg-8&#8243;][vc_column_text]\n<h2 class=\"special-title\" style=\"text-align: center;\">Qualit\u00e4t<\/h2>\n[\/vc_column_text][\/vc_column][\/vc_row][vc_row content_placement=&#8220;middle&#8220; css=&#8220;.vc_custom_1521323658113{padding-top: 0px !important;}&#8220;][vc_column width=&#8220;1\/4&#8243; el_class=&#8220;xtd-padding&#8211;right-3&#8243;][vc_column_text]\n<h5><strong>H\u00d6CHST KURATIERTE ROHSTOFFAUSWAHL<\/strong><\/h5>\n<p>Beim Ghisolfi Labor werden nur frische Vollmilch, pasteurisierten Rahm, hochwertige Frucht, erstklassige nat\u00fcrliche Zutaten und Produkte aus Italien sowie aus der ganzen Welt angewendet.[\/vc_column_text][vc_empty_space height=&#8220;4rem&#8220;][vc_column_text]\n<h5><strong>FORSCHUNG UND INNOVATION<\/strong><\/h5>\n<p>In unserem Labor werden immer mehr innovative und gesunde Rezepte geschaffen.[\/vc_column_text][\/vc_column][vc_column width=&#8220;1\/2&#8243;][vc_single_image image=&#8220;1529&#8243; img_size=&#8220;large&#8220; alignment=&#8220;center&#8220; css_animation=&#8220;fadeInUp&#8220;][\/vc_column][vc_column width=&#8220;1\/4&#8243; el_class=&#8220;xtd-padding&#8211;left-3&#8243;][vc_column_text]\n<h5><strong>INTERNATIONALE ZUSAMMENARBEIT<\/strong><\/h5>\n<p>Viele unserer Rezepte werden in Kooperation mit den besten und ber\u00fchmtesten internationalen Chefs erschaffen.[\/vc_column_text][vc_empty_space height=&#8220;4rem&#8220;][vc_column_text]\n<h5><strong>ZERTIFIZIERTE TRADITION<\/strong><\/h5>\n<p>Zertifizierte traditionelle handwerkliche Herstellungsverfahren.[\/vc_column_text][\/vc_column][\/vc_row][\/vc_section][vc_section full_width=&#8220;stretch_row&#8220;][vc_row css=&#8220;.vc_custom_1521324582842{padding-bottom: 0px !important;}&#8220;][vc_column offset=&#8220;vc_col-lg-offset-2 vc_col-lg-8&#8243;][vc_column_text]\n<h2 style=\"text-align: center;\">Unsere Zertifizierungen<\/h2>\n[\/vc_column_text][vc_column_text]\n<p style=\"text-align: center;\">Unserer Professionalit\u00e4t und Know-how sind die folgenden Bescheinigungen erteilt worden:<\/p>\n[\/vc_column_text][vc_row_inner][vc_column_inner width=&#8220;1\/3&#8243;][vc_single_image image=&#8220;1751&#8243; img_size=&#8220;full&#8220; alignment=&#8220;center&#8220; curly_width=&#8220;4rem&#8220;][vc_column_text]\n<h5 style=\"text-align: center;\">BRC GLOBAL STANDARD FOR FOOD ZERTIFIZIERUNG<\/h5>\n[\/vc_column_text][\/vc_column_inner][vc_column_inner width=&#8220;1\/3&#8243;][vc_single_image image=&#8220;1202&#8243; img_size=&#8220;large&#8220; alignment=&#8220;center&#8220; curly_width=&#8220;4rem&#8220;][vc_column_text]\n<h5 style=\"text-align: center;\">IFS INTERNATIONAL FOOD STANDARD ZERTIFIZIERUNG<\/h5>\n[\/vc_column_text][\/vc_column_inner][vc_column_inner width=&#8220;1\/3&#8243;][vc_single_image image=&#8220;1199&#8243; img_size=&#8220;large&#8220; alignment=&#8220;center&#8220; curly_width=&#8220;4rem&#8220;][vc_column_text]\n<h5 style=\"text-align: center;\">ICEA-SIEGEL F\u00dcR BIO-SPEISEEIS KONFORMIT\u00c4TSBESCHEINIGUNG<\/h5>\n[\/vc_column_text][\/vc_column_inner][\/vc_row_inner][vc_empty_space][\/vc_column][\/vc_row][\/vc_section][vc_section full_width=&#8220;stretch_row&#8220; full_height=&#8220;yes&#8220; content_placement=&#8220;middle&#8220; parallax=&#8220;content-moving&#8220; css=&#8220;.vc_custom_1581433463705{background-image: url(https:\/\/www.gelateriaghisolfi.com\/wp-content\/uploads\/2020\/02\/Produzione-gelato-artigianale-tradizione-famigliare-Ghisolfi.png?id=545) !important;background-position: center !important;background-repeat: no-repeat !important;background-size: cover !important;}&#8220;][vc_row][vc_column width=&#8220;5\/6&#8243; offset=&#8220;vc_col-sm-offset-1&#8243;][vc_column_text]\n<h2 class=\"h1\" style=\"text-align: center;\"><span style=\"color: #a8987e;\">Eine von Vater zu Sohn weitergegebene Tradition<\/span><\/h2>\n[\/vc_column_text][vc_column_text el_class=&#8220;color&#8211;text-inverted xtd-text-shadow&#8211;small-normal&#8220;]\n<p class=\"lead\" style=\"text-align: center;\">Heute wie damals bietet die Gelateria Ghisolfi Produkte von extrem hoher Qualit\u00e4t.<\/p>\n<p class=\"lead\" style=\"text-align: center;\">Unser einzigartiges, unbegrenztes Eissortiment wird mit einem perfekten Mix von erstklassigen Zutaten (Frucht, frischer Vollmilch und Rahm) kombiniert mit Leidenschaft, Innovation und Qualit\u00e4t geschaffen.<\/p>\n<p class=\"lead\" style=\"text-align: center;\">Wie ein perfekter Anzug, erf\u00fcllt unser reiches Sortiment von handwerklich hergestelltem Speiseeis auch die h\u00f6chsten Anspr\u00fcche.<\/p>\n<p class=\"lead\" style=\"text-align: center;\">Das Ghisolfi Speiseeis ist wie ein perfekter Anzug, der auch dem h\u00f6chsten Anspruch erf\u00fcllt.<br \/>\nIn unserem Labor werden Klein- sowie Gro\u00dfmengen von mehr als 300 Eissorten produziert.[\/vc_column_text][vc_btn title=&#8220;KONTAKTIEREN SIE UNS&#8220; align=&#8220;center&#8220; link=&#8220;url:https%3A%2F%2Fwww.gelateriaghisolfi.com%2Fde%2Fgeschichte-gelateria-ghisolfi%2F||target:%20_blank|&#8220;][\/vc_column][\/vc_row][\/vc_section][vc_section][vc_row][vc_column width=&#8220;1\/2&#8243;][vc_single_image image=&#8220;1169&#8243; img_size=&#8220;400&#215;250&#8243; alignment=&#8220;center&#8220;][\/vc_column][vc_column width=&#8220;1\/2&#8243;][vc_column_text css=&#8220;.vc_custom_1584456586719{margin-top: 4rem !important;}&#8220;]\n<h3>LATTERIA VALTELLINA<\/h3>\n<p>Unser Speiseeis wird mit Berg-Vollmilch und Rahm aus Valtellina hergestellt.<\/p>\n<p>F\u00fcr weitere Informationen:<\/p>\n<p><strong><a href=\"https:\/\/www.latteriavaltellina.it\/\">https:\/\/www.latteriavaltellina.it\/<\/a><\/strong>[\/vc_column_text][\/vc_column][\/vc_row][vc_row][vc_column width=&#8220;1\/2&#8243;][vc_column_text css=&#8220;.vc_custom_1681482160880{margin-top: 4rem !important;}&#8220;]\n<h1>Speiseeis f\u00fcr Dritte<\/h1>\n<p>Ein weiteres \u201eExtra-Service\u201c f\u00fcr unsere Kunden.<\/p>\n<p>Wir kreieren neue, immer innovativere Rezepturen: von zuckerfreiem bis laktosefreiem Eis, von Protein bis vegan. Mit einer dedizierten Mindestproduktion ist es m\u00f6glich, ein exklusives und personalisiertes Eis zu erhalten.<\/p>\n<p>Kontaktieren Sie uns und fragen Sie Eismachermeister Roberto Ghisolfi<\/p>\n<p><strong><a href=\"https:\/\/www.gelateriaghisolfi.com\/de\/handwerklich-hergestelltes-speiseeis-fuer-dritte\/\">SPEISEEIS F\u00dcR DRITTE<\/a><\/strong>[\/vc_column_text][\/vc_column][vc_column width=&#8220;1\/2&#8243;][vc_single_image image=&#8220;1490&#8243; img_size=&#8220;LARGE&#8220; alignment=&#8220;center&#8220;][vc_gallery interval=&#8220;3&#8243; images=&#8220;1490&#8243; img_size=&#8220;400&#215;400&#8243;][\/vc_column][\/vc_row][vc_row css=&#8220;.vc_custom_1521333344429{padding-bottom: 0px !important;}&#8220;][vc_column css=&#8220;.vc_custom_1521331789848{margin-bottom: 0px !important;padding-bottom: 0px !important;}&#8220;][vc_column_text]\n<h2 class=\"color-h1\">\u00dcber uns<\/h2>\n[\/vc_column_text][vc_row_inner][vc_column_inner width=&#8220;1\/3&#8243;][vc_single_image image=&#8220;1181&#8243; img_size=&#8220;medium&#8220; alignment=&#8220;center&#8220;][vc_column_text css=&#8220;.vc_custom_1581695160463{padding-right: 1rem !important;padding-left: 1rem !important;}&#8220;][\/vc_column_text][\/vc_column_inner][vc_column_inner width=&#8220;1\/3&#8243;][vc_single_image image=&#8220;1178&#8243; img_size=&#8220;medium&#8220; alignment=&#8220;center&#8220;][vc_column_text css=&#8220;.vc_custom_1581695001321{padding-right: 1rem !important;padding-left: 1rem !important;}&#8220;]\n<h5 style=\"text-align: center;\"><\/h5>\n[\/vc_column_text][\/vc_column_inner][vc_column_inner width=&#8220;1\/3&#8243;][vc_single_image image=&#8220;1181&#8243; img_size=&#8220;medium&#8220; alignment=&#8220;center&#8220;][vc_column_text css=&#8220;.vc_custom_1581695056113{padding-right: 1rem !important;padding-left: 1rem !important;}&#8220;]\n<h5 style=\"text-align: center;\"><\/h5>\n[\/vc_column_text][\/vc_column_inner][\/vc_row_inner][\/vc_column][\/vc_row][\/vc_section]\n<\/div>","protected":false},"excerpt":{"rendered":"<p>[vc_section full_width=&#8220;stretch_row&#8220; full_height=&#8220;yes&#8220; content_placement=&#8220;middle&#8220; css=&#8220;.vc_custom_1650962986636{background-image: url(https:\/\/www.gelateriaghisolfi.com\/wp-content\/uploads\/2022\/03\/01-foto-fragola-che-sostituisce-la-foto-della-fragola-nel-gelato-artigianale-scaled.jpg?id=1486) !important;background-position: center !important;background-repeat: no-repeat !important;background-size: cover !important;}&#8220;][vc_row el_class=&#8220;color&#8211;text-inverted xtd-text-shadow&#8211;small-normal&#8220;][vc_column offset=&#8220;vc_col-lg-offset-2 vc_col-lg-8 vc_col-md-offset-1 vc_col-md-10&#8243;][vc_empty_space height=&#8220;6rem&#8220;][vc_column_text] Handwerlich Hergestlltes eis aus Leidenschaft [\/vc_column_text][\/vc_column][vc_column width=&#8220;5\/6&#8243; offset=&#8220;vc_col-lg-offset-2 vc_col-lg-8&#8243;][vc_column_text][\/vc_column_text][vc_btn title=&#8220;KONTAKTIEREN SIE UNS, UM ZU BESTELLEN UND EINE LIEFERZEIT EINZURICHTEN. WIR VERSENDEN IN EUROPA !&#8220; align=&#8220;center&#8220; link=&#8220;url:https%3A%2F%2Fwww.gelateriaghisolfi.com%2Fde%2Fkontakte-gelateria-ghisolfi%2F|title:Gelato%20a%20domicilio%20%E2%80%93%20L%E2%80%99eccellenza%20a%20casa%20tua|target:%20_blank|&#8220;][\/vc_column][\/vc_row][\/vc_section][vc_section full_width=&#8220;stretch_row&#8220; css=&#8220;.vc_custom_1521321253464{background-color: #f5f3f1 !important;}&#8220;][vc_row][vc_column offset=&#8220;vc_col-lg-offset-2 vc_col-lg-8&#8243;][vc_column_text][\/vc_column_text][\/vc_column][\/vc_row][vc_row content_placement=&#8220;middle&#8220; curly_padding=&#8220;content-padding-none&#8220;][vc_column width=&#8220;1\/3&#8243;][vc_column_text css=&#8220;.vc_custom_1623319150051{margin-bottom: 4rem !important;}&#8220;] HANDWERKLICH HERGESTELLTES [&hellip;]<\/p>\n","protected":false},"author":1,"featured_media":0,"parent":0,"menu_order":0,"comment_status":"closed","ping_status":"closed","template":"","meta":{"inline_featured_image":false,"footnotes":""},"class_list":["post-1166","page","type-page","status-publish","hentry"],"yoast_head":"<!-- This site is optimized with the Yoast SEO plugin v26.5 - https:\/\/yoast.com\/wordpress\/plugins\/seo\/ -->\n<title>Handwerklich hergestelltes Speiseeis -<\/title>\n<meta name=\"robots\" content=\"index, follow, max-snippet:-1, max-image-preview:large, max-video-preview:-1\" \/>\n<link rel=\"canonical\" href=\"https:\/\/www.gelateriaghisolfi.com\/de\/\" \/>\n<meta property=\"og:locale\" content=\"de_DE\" \/>\n<meta property=\"og:type\" content=\"article\" \/>\n<meta property=\"og:title\" content=\"Handwerklich hergestelltes Speiseeis -\" \/>\n<meta property=\"og:description\" content=\"[vc_section full_width=&#8220;stretch_row&#8220; full_height=&#8220;yes&#8220; content_placement=&#8220;middle&#8220; css=&#8220;.vc_custom_1650962986636{background-image: url(https:\/\/www.gelateriaghisolfi.com\/wp-content\/uploads\/2022\/03\/01-foto-fragola-che-sostituisce-la-foto-della-fragola-nel-gelato-artigianale-scaled.jpg?id=1486) !important;background-position: center !important;background-repeat: no-repeat !important;background-size: cover !important;}&#8220;][vc_row el_class=&#8220;color&#8211;text-inverted xtd-text-shadow&#8211;small-normal&#8220;][vc_column offset=&#8220;vc_col-lg-offset-2 vc_col-lg-8 vc_col-md-offset-1 vc_col-md-10&#8243;][vc_empty_space height=&#8220;6rem&#8220;][vc_column_text] Handwerlich Hergestlltes eis aus Leidenschaft [\/vc_column_text][\/vc_column][vc_column width=&#8220;5\/6&#8243; offset=&#8220;vc_col-lg-offset-2 vc_col-lg-8&#8243;][vc_column_text][\/vc_column_text][vc_btn title=&#8220;KONTAKTIEREN SIE UNS, UM ZU BESTELLEN UND EINE LIEFERZEIT EINZURICHTEN. WIR VERSENDEN IN EUROPA !&#8220; align=&#8220;center&#8220; link=&#8220;url:https%3A%2F%2Fwww.gelateriaghisolfi.com%2Fde%2Fkontakte-gelateria-ghisolfi%2F|title:Gelato%20a%20domicilio%20%E2%80%93%20L%E2%80%99eccellenza%20a%20casa%20tua|target:%20_blank|&#8220;][\/vc_column][\/vc_row][\/vc_section][vc_section full_width=&#8220;stretch_row&#8220; css=&#8220;.vc_custom_1521321253464{background-color: #f5f3f1 !important;}&#8220;][vc_row][vc_column offset=&#8220;vc_col-lg-offset-2 vc_col-lg-8&#8243;][vc_column_text][\/vc_column_text][\/vc_column][\/vc_row][vc_row content_placement=&#8220;middle&#8220; curly_padding=&#8220;content-padding-none&#8220;][vc_column width=&#8220;1\/3&#8243;][vc_column_text css=&#8220;.vc_custom_1623319150051{margin-bottom: 4rem !important;}&#8220;] HANDWERKLICH HERGESTELLTES [&hellip;]\" \/>\n<meta property=\"og:url\" content=\"https:\/\/www.gelateriaghisolfi.com\/de\/\" \/>\n<meta property=\"article:modified_time\" content=\"2024-07-24T10:56:59+00:00\" \/>\n<meta name=\"twitter:card\" content=\"summary_large_image\" \/>\n<meta name=\"twitter:label1\" content=\"Gesch\u00e4tzte Lesezeit\" \/>\n\t<meta name=\"twitter:data1\" content=\"7\u00a0Minuten\" \/>\n<script type=\"application\/ld+json\" class=\"yoast-schema-graph\">{\"@context\":\"https:\/\/schema.org\",\"@graph\":[{\"@type\":\"WebPage\",\"@id\":\"https:\/\/www.gelateriaghisolfi.com\/de\/\",\"url\":\"https:\/\/www.gelateriaghisolfi.com\/de\/\",\"name\":\"Handwerklich hergestelltes Speiseeis -\",\"isPartOf\":{\"@id\":\"https:\/\/www.gelateriaghisolfi.com\/de\/#website\"},\"datePublished\":\"2021-06-08T14:46:33+00:00\",\"dateModified\":\"2024-07-24T10:56:59+00:00\",\"breadcrumb\":{\"@id\":\"https:\/\/www.gelateriaghisolfi.com\/de\/#breadcrumb\"},\"inLanguage\":\"de\",\"potentialAction\":[{\"@type\":\"ReadAction\",\"target\":[\"https:\/\/www.gelateriaghisolfi.com\/de\/\"]}]},{\"@type\":\"BreadcrumbList\",\"@id\":\"https:\/\/www.gelateriaghisolfi.com\/de\/#breadcrumb\",\"itemListElement\":[{\"@type\":\"ListItem\",\"position\":1,\"name\":\"Home\",\"item\":\"https:\/\/www.gelateriaghisolfi.com\/de\/\"},{\"@type\":\"ListItem\",\"position\":2,\"name\":\"Handwerklich hergestelltes Speiseeis\"}]},{\"@type\":\"WebSite\",\"@id\":\"https:\/\/www.gelateriaghisolfi.com\/de\/#website\",\"url\":\"https:\/\/www.gelateriaghisolfi.com\/de\/\",\"name\":\"\",\"description\":\"Produzione gelato artigianale\",\"potentialAction\":[{\"@type\":\"SearchAction\",\"target\":{\"@type\":\"EntryPoint\",\"urlTemplate\":\"https:\/\/www.gelateriaghisolfi.com\/de\/?s={search_term_string}\"},\"query-input\":{\"@type\":\"PropertyValueSpecification\",\"valueRequired\":true,\"valueName\":\"search_term_string\"}}],\"inLanguage\":\"de\"}]}<\/script>\n<!-- \/ Yoast SEO plugin. -->","yoast_head_json":{"title":"Handwerklich hergestelltes Speiseeis -","robots":{"index":"index","follow":"follow","max-snippet":"max-snippet:-1","max-image-preview":"max-image-preview:large","max-video-preview":"max-video-preview:-1"},"canonical":"https:\/\/www.gelateriaghisolfi.com\/de\/","og_locale":"de_DE","og_type":"article","og_title":"Handwerklich hergestelltes Speiseeis -","og_description":"[vc_section full_width=&#8220;stretch_row&#8220; full_height=&#8220;yes&#8220; content_placement=&#8220;middle&#8220; css=&#8220;.vc_custom_1650962986636{background-image: url(https:\/\/www.gelateriaghisolfi.com\/wp-content\/uploads\/2022\/03\/01-foto-fragola-che-sostituisce-la-foto-della-fragola-nel-gelato-artigianale-scaled.jpg?id=1486) !important;background-position: center !important;background-repeat: no-repeat !important;background-size: cover !important;}&#8220;][vc_row el_class=&#8220;color&#8211;text-inverted xtd-text-shadow&#8211;small-normal&#8220;][vc_column offset=&#8220;vc_col-lg-offset-2 vc_col-lg-8 vc_col-md-offset-1 vc_col-md-10&#8243;][vc_empty_space height=&#8220;6rem&#8220;][vc_column_text] Handwerlich Hergestlltes eis aus Leidenschaft [\/vc_column_text][\/vc_column][vc_column width=&#8220;5\/6&#8243; offset=&#8220;vc_col-lg-offset-2 vc_col-lg-8&#8243;][vc_column_text][\/vc_column_text][vc_btn title=&#8220;KONTAKTIEREN SIE UNS, UM ZU BESTELLEN UND EINE LIEFERZEIT EINZURICHTEN. WIR VERSENDEN IN EUROPA !&#8220; align=&#8220;center&#8220; link=&#8220;url:https%3A%2F%2Fwww.gelateriaghisolfi.com%2Fde%2Fkontakte-gelateria-ghisolfi%2F|title:Gelato%20a%20domicilio%20%E2%80%93%20L%E2%80%99eccellenza%20a%20casa%20tua|target:%20_blank|&#8220;][\/vc_column][\/vc_row][\/vc_section][vc_section full_width=&#8220;stretch_row&#8220; css=&#8220;.vc_custom_1521321253464{background-color: #f5f3f1 !important;}&#8220;][vc_row][vc_column offset=&#8220;vc_col-lg-offset-2 vc_col-lg-8&#8243;][vc_column_text][\/vc_column_text][\/vc_column][\/vc_row][vc_row content_placement=&#8220;middle&#8220; curly_padding=&#8220;content-padding-none&#8220;][vc_column width=&#8220;1\/3&#8243;][vc_column_text css=&#8220;.vc_custom_1623319150051{margin-bottom: 4rem !important;}&#8220;] HANDWERKLICH HERGESTELLTES [&hellip;]","og_url":"https:\/\/www.gelateriaghisolfi.com\/de\/","article_modified_time":"2024-07-24T10:56:59+00:00","twitter_card":"summary_large_image","twitter_misc":{"Gesch\u00e4tzte Lesezeit":"7\u00a0Minuten"},"schema":{"@context":"https:\/\/schema.org","@graph":[{"@type":"WebPage","@id":"https:\/\/www.gelateriaghisolfi.com\/de\/","url":"https:\/\/www.gelateriaghisolfi.com\/de\/","name":"Handwerklich hergestelltes Speiseeis -","isPartOf":{"@id":"https:\/\/www.gelateriaghisolfi.com\/de\/#website"},"datePublished":"2021-06-08T14:46:33+00:00","dateModified":"2024-07-24T10:56:59+00:00","breadcrumb":{"@id":"https:\/\/www.gelateriaghisolfi.com\/de\/#breadcrumb"},"inLanguage":"de","potentialAction":[{"@type":"ReadAction","target":["https:\/\/www.gelateriaghisolfi.com\/de\/"]}]},{"@type":"BreadcrumbList","@id":"https:\/\/www.gelateriaghisolfi.com\/de\/#breadcrumb","itemListElement":[{"@type":"ListItem","position":1,"name":"Home","item":"https:\/\/www.gelateriaghisolfi.com\/de\/"},{"@type":"ListItem","position":2,"name":"Handwerklich hergestelltes Speiseeis"}]},{"@type":"WebSite","@id":"https:\/\/www.gelateriaghisolfi.com\/de\/#website","url":"https:\/\/www.gelateriaghisolfi.com\/de\/","name":"","description":"Produzione gelato artigianale","potentialAction":[{"@type":"SearchAction","target":{"@type":"EntryPoint","urlTemplate":"https:\/\/www.gelateriaghisolfi.com\/de\/?s={search_term_string}"},"query-input":{"@type":"PropertyValueSpecification","valueRequired":true,"valueName":"search_term_string"}}],"inLanguage":"de"}]}},"_links":{"self":[{"href":"https:\/\/www.gelateriaghisolfi.com\/de\/wp-json\/wp\/v2\/pages\/1166","targetHints":{"allow":["GET"]}}],"collection":[{"href":"https:\/\/www.gelateriaghisolfi.com\/de\/wp-json\/wp\/v2\/pages"}],"about":[{"href":"https:\/\/www.gelateriaghisolfi.com\/de\/wp-json\/wp\/v2\/types\/page"}],"author":[{"embeddable":true,"href":"https:\/\/www.gelateriaghisolfi.com\/de\/wp-json\/wp\/v2\/users\/1"}],"replies":[{"embeddable":true,"href":"https:\/\/www.gelateriaghisolfi.com\/de\/wp-json\/wp\/v2\/comments?post=1166"}],"version-history":[{"count":15,"href":"https:\/\/www.gelateriaghisolfi.com\/de\/wp-json\/wp\/v2\/pages\/1166\/revisions"}],"predecessor-version":[{"id":1866,"href":"https:\/\/www.gelateriaghisolfi.com\/de\/wp-json\/wp\/v2\/pages\/1166\/revisions\/1866"}],"wp:attachment":[{"href":"https:\/\/www.gelateriaghisolfi.com\/de\/wp-json\/wp\/v2\/media?parent=1166"}],"curies":[{"name":"wp","href":"https:\/\/api.w.org\/{rel}","templated":true}]}}